{"id":86,"date":"2019-05-08T14:56:28","date_gmt":"2019-05-08T12:56:28","guid":{"rendered":"https:\/\/clauschi.de\/post\/?page_id=86"},"modified":"2019-07-08T10:38:59","modified_gmt":"2019-07-08T08:38:59","slug":"der-weg-des-brieftraegers","status":"publish","type":"page","link":"https:\/\/clauschi.de\/post\/?page_id=86","title":{"rendered":"Der Weg des Brieftr\u00e4gers!"},"content":{"rendered":"\n<iframe loading=\"lazy\" class=\"gpsies\" src=\"\/\/www.gpsies.com\/mapOnly.do?fileId=xuostvpilgjdzpgn&amp;authkey=1D3156A860AEE3A985DCA94FE8F4CA07F036D40D6C08F093\" scrolling=\"no\" marginheight=\"0\" marginwidth=\"0\" frameborder=\"0\" height=\"400\" width=\"100%\"><\/iframe>\n\n\n\n<ul class=\"wp-block-list\"><li>URL:  <a href=\"https:\/\/www.gpsies.com\/map.do?fileId=xuostvpilgjdzpgn\">https:\/\/www.gpsies.com\/map.do?fileId=xuostvpilgjdzpgn<\/a>   <\/li><li>Lesezeichenliste: <a href=\"https:\/\/coord.info\/BM6H9QN\">https:\/\/coord.info\/BM6H9QN<\/a><\/li><li>Caches: 30 Letterboxen<\/li><li>L\u00e4nge: 8 km<\/li><li>Gesamtanstieg: 800 m<\/li><li>Gesamtabstieg: 180 m<\/li><li>Dauer: 2,5 h (3 km\/h)<\/li><li>Ausr\u00fcstung: keine Angel   <\/li><\/ul>\n\n\n\n<figure class=\"wp-block-image\"><img loading=\"lazy\" decoding=\"async\" width=\"598\" height=\"232\" src=\"https:\/\/clauschi.de\/post\/wp-content\/uploads\/2019\/05\/grafik-8.png\" alt=\"\" class=\"wp-image-87\" srcset=\"https:\/\/clauschi.de\/post\/wp-content\/uploads\/2019\/05\/grafik-8.png 598w, https:\/\/clauschi.de\/post\/wp-content\/uploads\/2019\/05\/grafik-8-300x116.png 300w\" sizes=\"auto, (max-width: 598px) 100vw, 598px\" \/><\/figure>\n\n\n\n<p>Plan: Start zu Fu\u00df bei #28 <strong>ohne <\/strong>Angel; anschlie\u00dfend &#8222;Der Weg der Brieftr\u00e4gerin&#8220; zur\u00fcck&#8230;<\/p>\n","protected":false},"excerpt":{"rendered":"<p>URL: https:\/\/www.gpsies.com\/map.do?fileId=xuostvpilgjdzpgn Lesezeichenliste: https:\/\/coord.info\/BM6H9QN Caches: 30 Letterboxen L\u00e4nge: 8 km Gesamtanstieg: 800 m Gesamtabstieg: 180 m Dauer: 2,5 h (3<\/p>\n","protected":false},"author":2,"featured_media":0,"parent":8,"menu_order":9,"comment_status":"closed","ping_status":"closed","template":"","meta":{"footnotes":""},"class_list":["post-86","page","type-page","status-publish","hentry","comments-off"],"_links":{"self":[{"href":"https:\/\/clauschi.de\/post\/index.php?rest_route=\/wp\/v2\/pages\/86","targetHints":{"allow":["GET"]}}],"collection":[{"href":"https:\/\/clauschi.de\/post\/index.php?rest_route=\/wp\/v2\/pages"}],"about":[{"href":"https:\/\/clauschi.de\/post\/index.php?rest_route=\/wp\/v2\/types\/page"}],"author":[{"embeddable":true,"href":"https:\/\/clauschi.de\/post\/index.php?rest_route=\/wp\/v2\/users\/2"}],"replies":[{"embeddable":true,"href":"https:\/\/clauschi.de\/post\/index.php?rest_route=%2Fwp%2Fv2%2Fcomments&post=86"}],"version-history":[{"count":4,"href":"https:\/\/clauschi.de\/post\/index.php?rest_route=\/wp\/v2\/pages\/86\/revisions"}],"predecessor-version":[{"id":256,"href":"https:\/\/clauschi.de\/post\/index.php?rest_route=\/wp\/v2\/pages\/86\/revisions\/256"}],"up":[{"embeddable":true,"href":"https:\/\/clauschi.de\/post\/index.php?rest_route=\/wp\/v2\/pages\/8"}],"wp:attachment":[{"href":"https:\/\/clauschi.de\/post\/index.php?rest_route=%2Fwp%2Fv2%2Fmedia&parent=86"}],"curies":[{"name":"wp","href":"https:\/\/api.w.org\/{rel}","templated":true}]}}