{"id":25,"date":"2019-05-31T08:10:48","date_gmt":"2019-05-31T08:10:48","guid":{"rendered":"https:\/\/clauschi.de\/kagerplassen\/?page_id=25"},"modified":"2019-06-07T11:45:16","modified_gmt":"2019-06-07T09:45:16","slug":"reiseinfos","status":"publish","type":"page","link":"https:\/\/clauschi.de\/kagerplassen\/reiseinfos\/","title":{"rendered":"Reiseinfos"},"content":{"rendered":"\n<p>Zusammen mit den Vielfresserchen fahren wir am 7.-10. Juni mit unserem Bulli nach Kaag, s\u00fcdlich von Amsterdam, und \u00fcbernachten dort im <a href=\"https:\/\/clauschi.de\/kagerplassen\/?page_id=11\">Hotel Orion<\/a>. Die Fahrzeit betr\u00e4gt etwa 5 Stunden, die Strecke \u00fcber die A3 ist mit 440 km etwas k\u00fcrzer als die Alternativroute \u00fcber die A61 und Venlo.<\/p>\n\n\n\n<p>Entlang der A61 finden sich folgende Landkreise, die bislang von ClauSchi noch nicht becacht wurden, und f\u00fcr die daher auf dem Hinweg entsprechende Caches vorgesehen sind: <\/p>\n\n\n\n<ul class=\"wp-block-list\"><li>Euskirchen: &#8222;<a href=\"https:\/\/coord.info\/GC6KF6G\">10000 Favoritenpunkte (Challenge)<\/a>&#8222;<\/li><li>Heinsberg: &#8222;<a href=\"https:\/\/coord.info\/GC16Q2H\">Motte Keyenberg<\/a>&#8222;<\/li><li>M\u00f6nchengladbach: &#8222;<a href=\"https:\/\/coord.info\/GC7ZJCB\">Gl\u00fcckliche H\u00fchner &#8211; Das Eierh\u00e4uschen<\/a>&#8220; und &#8222;<a href=\"https:\/\/coord.info\/GC5J77K\">Reststrauch<\/a>&#8222;<\/li><li>Viersen: &#8222;<a href=\"https:\/\/coord.info\/GC6F3X2\">Tuberkel RE13<\/a>&#8222;<\/li><\/ul>\n\n\n\n<figure class=\"wp-block-image\"><img loading=\"lazy\" decoding=\"async\" width=\"651\" height=\"692\" src=\"https:\/\/clauschi.de\/kagerplassen\/wp-content\/uploads\/2019\/06\/grafik-5.png\" alt=\"\" class=\"wp-image-116\" srcset=\"https:\/\/clauschi.de\/kagerplassen\/wp-content\/uploads\/2019\/06\/grafik-5.png 651w, https:\/\/clauschi.de\/kagerplassen\/wp-content\/uploads\/2019\/06\/grafik-5-282x300.png 282w\" sizes=\"auto, (max-width: 651px) 100vw, 651px\" \/><\/figure>\n\n\n\n<p>In der niederl\u00e4ndischen Provinz Limburg ist ebenfalls ein kurzer Stopp eingeplant:<\/p>\n\n\n\n<ul class=\"wp-block-list\"><li>Limburg: &#8222;<a href=\"https:\/\/coord.info\/GC7JXRD\">Horster Stamtafel<\/a>&#8220; (einfache Letterbox)<\/li><li>ggf. Gelderland: &#8222;<a href=\"https:\/\/coord.info\/GC7B7EQ\">Marysa<\/a>&#8220; (Virtual &#8211;> Foto mit Hut)<\/li><\/ul>\n\n\n\n<p>\n[osm_map_v3 map_center= &#8222;52.2135,4.5578&#8220; zoom=&#8220;13&#8243; width=&#8220;95%&#8220; \nheight=&#8220;450&#8243;  map_border=&#8220;thin solid &#8220; post_markers=&#8220;1&#8243; type=&#8220;&#8220;  \ncontrol=&#8220;&#8220; ]\n\n<\/p>\n","protected":false},"excerpt":{"rendered":"<p>Zusammen mit den Vielfresserchen fahren wir am 7.-10. Juni mit unserem Bulli nach Kaag, s\u00fcdlich von Amsterdam, und \u00fcbernachten dort im Hotel Orion. Die Fahrzeit<\/p>\n","protected":false},"author":1,"featured_media":0,"parent":0,"menu_order":3,"comment_status":"closed","ping_status":"closed","template":"","meta":{"footnotes":""},"class_list":["post-25","page","type-page","status-publish","hentry"],"_links":{"self":[{"href":"https:\/\/clauschi.de\/kagerplassen\/wp-json\/wp\/v2\/pages\/25","targetHints":{"allow":["GET"]}}],"collection":[{"href":"https:\/\/clauschi.de\/kagerplassen\/wp-json\/wp\/v2\/pages"}],"about":[{"href":"https:\/\/clauschi.de\/kagerplassen\/wp-json\/wp\/v2\/types\/page"}],"author":[{"embeddable":true,"href":"https:\/\/clauschi.de\/kagerplassen\/wp-json\/wp\/v2\/users\/1"}],"replies":[{"embeddable":true,"href":"https:\/\/clauschi.de\/kagerplassen\/wp-json\/wp\/v2\/comments?post=25"}],"version-history":[{"count":9,"href":"https:\/\/clauschi.de\/kagerplassen\/wp-json\/wp\/v2\/pages\/25\/revisions"}],"predecessor-version":[{"id":117,"href":"https:\/\/clauschi.de\/kagerplassen\/wp-json\/wp\/v2\/pages\/25\/revisions\/117"}],"wp:attachment":[{"href":"https:\/\/clauschi.de\/kagerplassen\/wp-json\/wp\/v2\/media?parent=25"}],"curies":[{"name":"wp","href":"https:\/\/api.w.org\/{rel}","templated":true}]}}