{"id":17,"date":"2019-05-31T08:08:17","date_gmt":"2019-05-31T08:08:17","guid":{"rendered":"https:\/\/clauschi.de\/kagerplassen\/?page_id=17"},"modified":"2019-06-07T08:24:46","modified_gmt":"2019-06-07T06:24:46","slug":"caches","status":"publish","type":"page","link":"https:\/\/clauschi.de\/kagerplassen\/caches\/","title":{"rendered":"Caches"},"content":{"rendered":"\n<p>Sieht man mal von der Bootsfahrt als solches und der Besichtigung der sch\u00f6nen Stadt Amsterdam mit seinen ber\u00fchmten Grachten ab, sollen nat\u00fcrlich auch einige Caches besucht und gefunden werden. Auf Kagerplassen und entlang der Tulpenroute liegen etwa 100 T5er, die bei uns im Fokus sind und bequem mit dem Boot erreicht werden k\u00f6nnen. Ansonsten gibt es nat\u00fcrlich auch in Amsterdam und Umgebung einige sch\u00f6ne Virtuals und Earthcaches. Au\u00dferdem haben wir ein paar besondere Caches (Lockpick, Baumklettern, Leiter, Wertung D5\/T5, D5\/T1, Versteckmonate usw.) herausgepickt&#8230;<\/p>\n\n\n\n<figure class=\"wp-block-image\"><img loading=\"lazy\" decoding=\"async\" width=\"752\" height=\"162\" src=\"https:\/\/clauschi.de\/kagerplassen\/wp-content\/uploads\/2019\/06\/grafik-4.png\" alt=\"\" class=\"wp-image-100\" srcset=\"https:\/\/clauschi.de\/kagerplassen\/wp-content\/uploads\/2019\/06\/grafik-4.png 752w, https:\/\/clauschi.de\/kagerplassen\/wp-content\/uploads\/2019\/06\/grafik-4-300x65.png 300w\" sizes=\"auto, (max-width: 752px) 100vw, 752px\" \/><figcaption>ClauSchis L\u00fccken bei den Versteckmonaten<\/figcaption><\/figure>\n\n\n\n<ul class=\"wp-block-list\"><li>Jan. 2001: &#8222;<a rel=\"noreferrer noopener\" aria-label=\"Amsterdam Urban 1 (\u00f6ffnet in neuem Tab)\" href=\"https:\/\/coord.info\/GC198\" target=\"_blank\">Amsterdam Urban 1<\/a>&#8222;<\/li><li>Mai 2001: &#8222;<a href=\"https:\/\/coord.info\/GC921\">Amsterdam Urban 2 &#8211; Under the bridge<\/a>&#8222;<\/li><li>Jul. 2001: &#8222;<a href=\"https:\/\/coord.info\/GC1372\">Leiden Urban 1<\/a>&#8220; oder &#8222;<a href=\"https:\/\/coord.info\/GC1373\">Biertje?<\/a>&#8220; (weitere bei Leiden!)<\/li><li>Jan. 2002: &#8222;<a href=\"https:\/\/coord.info\/GC2DE5\">Amateur Astronomical Observatory &#8211; Vesta<\/a>&#8222;<\/li><\/ul>\n","protected":false},"excerpt":{"rendered":"<p>Sieht man mal von der Bootsfahrt als solches und der Besichtigung der sch\u00f6nen Stadt Amsterdam mit seinen ber\u00fchmten Grachten ab, sollen nat\u00fcrlich auch einige Caches<\/p>\n","protected":false},"author":1,"featured_media":0,"parent":0,"menu_order":2,"comment_status":"closed","ping_status":"closed","template":"","meta":{"footnotes":""},"class_list":["post-17","page","type-page","status-publish","hentry"],"_links":{"self":[{"href":"https:\/\/clauschi.de\/kagerplassen\/wp-json\/wp\/v2\/pages\/17","targetHints":{"allow":["GET"]}}],"collection":[{"href":"https:\/\/clauschi.de\/kagerplassen\/wp-json\/wp\/v2\/pages"}],"about":[{"href":"https:\/\/clauschi.de\/kagerplassen\/wp-json\/wp\/v2\/types\/page"}],"author":[{"embeddable":true,"href":"https:\/\/clauschi.de\/kagerplassen\/wp-json\/wp\/v2\/users\/1"}],"replies":[{"embeddable":true,"href":"https:\/\/clauschi.de\/kagerplassen\/wp-json\/wp\/v2\/comments?post=17"}],"version-history":[{"count":6,"href":"https:\/\/clauschi.de\/kagerplassen\/wp-json\/wp\/v2\/pages\/17\/revisions"}],"predecessor-version":[{"id":105,"href":"https:\/\/clauschi.de\/kagerplassen\/wp-json\/wp\/v2\/pages\/17\/revisions\/105"}],"wp:attachment":[{"href":"https:\/\/clauschi.de\/kagerplassen\/wp-json\/wp\/v2\/media?parent=17"}],"curies":[{"name":"wp","href":"https:\/\/api.w.org\/{rel}","templated":true}]}}