{"id":11,"date":"2019-05-31T08:07:09","date_gmt":"2019-05-31T08:07:09","guid":{"rendered":"https:\/\/clauschi.de\/kagerplassen\/?page_id=11"},"modified":"2019-06-03T12:56:36","modified_gmt":"2019-06-03T10:56:36","slug":"hotel","status":"publish","type":"page","link":"https:\/\/clauschi.de\/kagerplassen\/reiseinfos\/hotel\/","title":{"rendered":"Hotel"},"content":{"rendered":"\n<h2 class=\"wp-block-heading\">Hotel Orion<\/h2>\n\n\n\n<p> Julianalaan 19, Kaag, 2159 LB, Niederlande <\/p>\n\n\n\n<ul class=\"wp-block-list\"><li>E-Mail: info@hotelorion.nl<\/li><li>URL: <a href=\"https:\/\/hotelorion.nl\/\">https:\/\/hotelorion.nl\/<\/a><\/li><li>Telefon:  +31252544442 <\/li><li>Rezeption: 8:00 &#8211; 22:00 Uhr besetzt<\/li><li>fr\u00fchester Check-In: 15:00 Uhr<\/li><li>Check-Out: 10:30 Uhr<\/li><li>\u00d6ffentliche Parkpl\u00e4tze stehen kostenfrei an der Unterkunft zur Verf\u00fcgung.<\/li><li>WLAN ist in allen Bereichen nutzbar und ist kostenfrei. <\/li><li>Pers\u00f6nliche Tageszeitung f\u00fcr jedes Zimmer inklusive.<\/li><li>Der Aufpreis f\u00fcr das F\u00e4hrticket (Hin- und R\u00fcckfahrt) zum Hotel betr\u00e4gt EUR 4,50 pro Auto. <\/li><\/ul>\n\n\n\n<figure class=\"wp-block-image\"><img loading=\"lazy\" decoding=\"async\" width=\"1024\" height=\"768\" src=\"https:\/\/clauschi.de\/kagerplassen\/wp-content\/uploads\/2019\/06\/34534645-1024x768.jpg\" alt=\"\" class=\"wp-image-38\" srcset=\"https:\/\/clauschi.de\/kagerplassen\/wp-content\/uploads\/2019\/06\/34534645.jpg 1024w, https:\/\/clauschi.de\/kagerplassen\/wp-content\/uploads\/2019\/06\/34534645-300x225.jpg 300w, https:\/\/clauschi.de\/kagerplassen\/wp-content\/uploads\/2019\/06\/34534645-768x576.jpg 768w, https:\/\/clauschi.de\/kagerplassen\/wp-content\/uploads\/2019\/06\/34534645-880x660.jpg 880w\" sizes=\"auto, (max-width: 1024px) 100vw, 1024px\" \/><\/figure>\n","protected":false},"excerpt":{"rendered":"<p>Hotel Orion Julianalaan 19, Kaag, 2159 LB, Niederlande E-Mail: info@hotelorion.nl URL: https:\/\/hotelorion.nl\/ Telefon: +31252544442 Rezeption: 8:00 &#8211; 22:00 Uhr besetzt fr\u00fchester Check-In: 15:00 Uhr Check-Out:<\/p>\n","protected":false},"author":1,"featured_media":0,"parent":25,"menu_order":1,"comment_status":"closed","ping_status":"closed","template":"","meta":{"footnotes":""},"class_list":["post-11","page","type-page","status-publish","hentry"],"_links":{"self":[{"href":"https:\/\/clauschi.de\/kagerplassen\/wp-json\/wp\/v2\/pages\/11","targetHints":{"allow":["GET"]}}],"collection":[{"href":"https:\/\/clauschi.de\/kagerplassen\/wp-json\/wp\/v2\/pages"}],"about":[{"href":"https:\/\/clauschi.de\/kagerplassen\/wp-json\/wp\/v2\/types\/page"}],"author":[{"embeddable":true,"href":"https:\/\/clauschi.de\/kagerplassen\/wp-json\/wp\/v2\/users\/1"}],"replies":[{"embeddable":true,"href":"https:\/\/clauschi.de\/kagerplassen\/wp-json\/wp\/v2\/comments?post=11"}],"version-history":[{"count":2,"href":"https:\/\/clauschi.de\/kagerplassen\/wp-json\/wp\/v2\/pages\/11\/revisions"}],"predecessor-version":[{"id":39,"href":"https:\/\/clauschi.de\/kagerplassen\/wp-json\/wp\/v2\/pages\/11\/revisions\/39"}],"up":[{"embeddable":true,"href":"https:\/\/clauschi.de\/kagerplassen\/wp-json\/wp\/v2\/pages\/25"}],"wp:attachment":[{"href":"https:\/\/clauschi.de\/kagerplassen\/wp-json\/wp\/v2\/media?parent=11"}],"curies":[{"name":"wp","href":"https:\/\/api.w.org\/{rel}","templated":true}]}}