{"id":409,"date":"2020-03-10T08:48:39","date_gmt":"2020-03-10T07:48:39","guid":{"rendered":"https:\/\/clauschi.de\/ejk\/?page_id=409"},"modified":"2020-03-10T08:48:39","modified_gmt":"2020-03-10T07:48:39","slug":"unter-7-bruecken","status":"publish","type":"page","link":"https:\/\/clauschi.de\/ejk\/?page_id=409","title":{"rendered":"Unter 7 Br\u00fccken"},"content":{"rendered":"\n<p>F\u00fcr die Br\u00fcckenrunde von Christoph21.12.79 ist die Fahrtrichtung auf dem EJK von Wilhelmshaven nach Emden besser.<br>Der Owner r\u00e4t dazu, die Br\u00fcckendosen sogar mit dem Auto anfahren, weil doch viel Material n\u00f6tig ist: <\/p>\n\n\n\n<ul class=\"wp-block-list\"><li>Bei 1 Kletterausr\u00fcstung oder lange Leiter, die &#8222;normale&#8220; ausziehbare Leiter reicht nicht.<\/li><li>Bei 2 ausziehbare Leiter reicht.<\/li><li>Bei 3 ausziehbare Leiter reicht.<\/li><li>4 kann man w\u00e4hrend der Paddel Tour machen. Hier kann ohne Ausr\u00fcstung geklettert werden.<\/li><li>5  geht tats\u00e4chlich nur mit Boot. Also w\u00e4hrend der Paddel Tour. Man braucht zus\u00e4tzlich eine lange Stange und eine Hebem\u00f6glichkeit wie zum Beispiel ein Kehrblech oder \u00e4hnliches. Hier muss improvisiert werden. <\/li><li>Bei 6 reicht eine kleine Leiter oder ne R\u00e4uberleiter, geht also auch w\u00e4hrend der Paddel Tour.<\/li><li>Bei 7 ist eigentlich eine Wathose gefragt, geht aber auch mit dem Kanu oder Kajak.<\/li><li>Der Bonus ist in der N\u00e4he vom Fragezeichen allerdings nicht im Ems-Jade Kanal. Hier braucht man eine Wathose. <\/li><\/ul>\n\n\n\n<p><\/p>\n","protected":false},"excerpt":{"rendered":"<p>F\u00fcr die Br\u00fcckenrunde von Christoph21.12.79 ist die Fahrtrichtung auf dem EJK von Wilhelmshaven nach Emden besser.Der Owner r\u00e4t dazu, die Br\u00fcckendosen sogar mit dem Auto<\/p>\n","protected":false},"author":2,"featured_media":0,"parent":352,"menu_order":3,"comment_status":"closed","ping_status":"closed","template":"","meta":{"footnotes":""},"class_list":["post-409","page","type-page","status-publish","hentry"],"_links":{"self":[{"href":"https:\/\/clauschi.de\/ejk\/index.php?rest_route=\/wp\/v2\/pages\/409","targetHints":{"allow":["GET"]}}],"collection":[{"href":"https:\/\/clauschi.de\/ejk\/index.php?rest_route=\/wp\/v2\/pages"}],"about":[{"href":"https:\/\/clauschi.de\/ejk\/index.php?rest_route=\/wp\/v2\/types\/page"}],"author":[{"embeddable":true,"href":"https:\/\/clauschi.de\/ejk\/index.php?rest_route=\/wp\/v2\/users\/2"}],"replies":[{"embeddable":true,"href":"https:\/\/clauschi.de\/ejk\/index.php?rest_route=%2Fwp%2Fv2%2Fcomments&post=409"}],"version-history":[{"count":1,"href":"https:\/\/clauschi.de\/ejk\/index.php?rest_route=\/wp\/v2\/pages\/409\/revisions"}],"predecessor-version":[{"id":410,"href":"https:\/\/clauschi.de\/ejk\/index.php?rest_route=\/wp\/v2\/pages\/409\/revisions\/410"}],"up":[{"embeddable":true,"href":"https:\/\/clauschi.de\/ejk\/index.php?rest_route=\/wp\/v2\/pages\/352"}],"wp:attachment":[{"href":"https:\/\/clauschi.de\/ejk\/index.php?rest_route=%2Fwp%2Fv2%2Fmedia&parent=409"}],"curies":[{"name":"wp","href":"https:\/\/api.w.org\/{rel}","templated":true}]}}