{"id":378,"date":"2020-02-18T16:17:44","date_gmt":"2020-02-18T15:17:44","guid":{"rendered":"https:\/\/clauschi.de\/ejk\/?page_id=378"},"modified":"2020-02-18T16:17:44","modified_gmt":"2020-02-18T15:17:44","slug":"medem","status":"publish","type":"page","link":"https:\/\/clauschi.de\/ejk\/?page_id=378","title":{"rendered":"Medem"},"content":{"rendered":"\n<p>Die <strong>Medem<\/strong> [<a href=\"https:\/\/de.wikipedia.org\/wiki\/Liste_der_IPA-Zeichen\">\u02c8me\u02d0d\u025bm<\/a>] ist ein heute 16,2\u00a0km (mit hydrografisch definiertem Oberlauf 22,6\u00a0km) langer <a href=\"https:\/\/de.wikipedia.org\/wiki\/Fluss\">Fluss<\/a> in <a href=\"https:\/\/de.wikipedia.org\/wiki\/Niedersachsen\">Niedersachsen<\/a>, der in <a href=\"https:\/\/de.wikipedia.org\/wiki\/Ihlienworth\">Ihlienworth<\/a> aus der Vereinigung von f\u00fcnf \u00fcberwiegend k\u00fcnstlichen Wasserl\u00e4ufen entsteht und bei der Stadt <a href=\"https:\/\/de.wikipedia.org\/wiki\/Otterndorf\">Otterndorf<\/a> in die <a href=\"https:\/\/de.wikipedia.org\/wiki\/Elbe\">Elbe<\/a><sup><a href=\"https:\/\/de.wikipedia.org\/wiki\/Medem_%28Fluss%29#cite_note-3\">[3]<\/a><\/sup> m\u00fcndet. Wie ein <a href=\"https:\/\/de.wikipedia.org\/wiki\/Priel\">Priel<\/a> oder ein <a href=\"https:\/\/de.wikipedia.org\/wiki\/Tief_%28Flie%C3%9Fgew%C3%A4sser%29\">Tief<\/a>  hat sie kein Gef\u00e4lle. Die Haupt-Str\u00f6mungsrichtung ergibt sich allein  daraus, dass das Oberfl\u00e4chenwasser aus ihrem Einzugsgebiet nicht anders  als in die Elbe abflie\u00dfen kann. <\/p>\n\n\n\n<p>Auf der Medem ist der Verkehr mit kleinen Fahrzeugen, die durch Motorkraft angetrieben werden, als Gemeingebrauch zwischen dem Sch\u00f6pfwerk Ihlienworth (Strom-km 0,8) bis zur Schleuse Otterndorf (Strom-km 17,0) gestattet. Kleine Fahrzeuge sind Fahrzeuge bis zu 6,00 m L\u00e4nge, 2,00 m Breite, 1,00 m Tiefgang und einer Motorkraft von nicht mehr als 15 PS. Die H\u00f6chstfahrgeschwindigkeit wird auf der gesamten Strecke mit 6 km\/h festgesetzt. Das Befahren der Medem in der Zeit zwischen einer Stunde nach Sonnenuntergang und einer Stunde vor Sonnenaufgang ist verboten.<\/p>\n","protected":false},"excerpt":{"rendered":"<p>Die Medem [\u02c8me\u02d0d\u025bm] ist ein heute 16,2\u00a0km (mit hydrografisch definiertem Oberlauf 22,6\u00a0km) langer Fluss in Niedersachsen, der in Ihlienworth aus der Vereinigung von f\u00fcnf \u00fcberwiegend<\/p>\n","protected":false},"author":2,"featured_media":0,"parent":44,"menu_order":5,"comment_status":"closed","ping_status":"closed","template":"","meta":{"footnotes":""},"class_list":["post-378","page","type-page","status-publish","hentry"],"_links":{"self":[{"href":"https:\/\/clauschi.de\/ejk\/index.php?rest_route=\/wp\/v2\/pages\/378","targetHints":{"allow":["GET"]}}],"collection":[{"href":"https:\/\/clauschi.de\/ejk\/index.php?rest_route=\/wp\/v2\/pages"}],"about":[{"href":"https:\/\/clauschi.de\/ejk\/index.php?rest_route=\/wp\/v2\/types\/page"}],"author":[{"embeddable":true,"href":"https:\/\/clauschi.de\/ejk\/index.php?rest_route=\/wp\/v2\/users\/2"}],"replies":[{"embeddable":true,"href":"https:\/\/clauschi.de\/ejk\/index.php?rest_route=%2Fwp%2Fv2%2Fcomments&post=378"}],"version-history":[{"count":1,"href":"https:\/\/clauschi.de\/ejk\/index.php?rest_route=\/wp\/v2\/pages\/378\/revisions"}],"predecessor-version":[{"id":379,"href":"https:\/\/clauschi.de\/ejk\/index.php?rest_route=\/wp\/v2\/pages\/378\/revisions\/379"}],"up":[{"embeddable":true,"href":"https:\/\/clauschi.de\/ejk\/index.php?rest_route=\/wp\/v2\/pages\/44"}],"wp:attachment":[{"href":"https:\/\/clauschi.de\/ejk\/index.php?rest_route=%2Fwp%2Fv2%2Fmedia&parent=378"}],"curies":[{"name":"wp","href":"https:\/\/api.w.org\/{rel}","templated":true}]}}