{"id":359,"date":"2020-02-18T09:26:45","date_gmt":"2020-02-18T08:26:45","guid":{"rendered":"https:\/\/clauschi.de\/ejk\/?page_id=359"},"modified":"2020-03-10T08:52:34","modified_gmt":"2020-03-10T07:52:34","slug":"treibgut","status":"publish","type":"page","link":"https:\/\/clauschi.de\/ejk\/?page_id=359","title":{"rendered":"Treibgut"},"content":{"rendered":"\n<p>Im August 2019 hat TeamSpurensucher auf dem Ems-Jade-Kanal von Wilhelmshaven bis Emden ca 200 (aktuell genau 188) Letterboxen ausgelegt. Die reine Fahrtzeit betr\u00e4gt f\u00fcr die 72 km mindestens 9 h, da f\u00fcr Motorboote max. 8  km\/h erlaubt sind. Die meisten Paddler werden l\u00e4nger brauchen. Hinzu kommen noch Such- und Logzeit.<\/p>\n\n\n\n<h2 class=\"wp-block-heading\">Streckenabschnitte<\/h2>\n\n\n\n<ul class=\"wp-block-list\"><li> Schleuse Mariensiel &#8211; Wilhelmshaven (67,3 &#8211; 72,3 km): <ul><li> 5 Letterboxen (6, 5, 4, 2-3, 1)<\/li><\/ul><\/li><li>Schleuse Wiesede &#8211;  Schleuse Mariensiel (45,9 &#8211; 67,3 km): <ul><li>63 Letterboxen (85 &#8211; 7)<\/li><\/ul><\/li><li>Schleuse Upsch\u00f6rt &#8211;  Schleuse Wiesede (44,0 &#8211; 45,9 km): <ul><li>10 Letterboxen (95 &#8211; 86)<\/li><\/ul><\/li><li>Abzweig Nordgeorgsfehnkanal &#8211;  Schleuse Upsch\u00f6rt (42,4 &#8211; 44,0 km): <ul><li>7 Letterboxen (102 &#8211; 96)<\/li><\/ul><\/li><li>Schleuse Wiesens &#8211;  Abzweig Nordgeorgsfehnkanal (32,6 &#8211; 42,4 km): <ul><li>34 Letterboxen (183 &#8211; 218)<\/li><\/ul><\/li><li>Aurich &#8211;  Schleuse Wiesens (25,0 &#8211; 32,6 km): <ul><li>21 Letterboxen (161 &#8211; 182)<\/li><\/ul><\/li><li>Schleuse Rahe &#8211;  Aurich (22,8 &#8211; 25,0 km): <ul><li>2 Letterboxen (158 &#8211; 159)<\/li><\/ul><\/li><li>Emden &#8211;  Schleuse Rahe (3,3 &#8211; 22,8 km): <ul><li>46 Letterboxen (103 &#8211; 157)<\/li><\/ul><\/li><\/ul>\n\n\n\n<p>Entlang des Ems-Jade-Kanals gibt es dar\u00fcber hinaus noch eine kleine Tradi-Serie (&#8222;<a href=\"https:\/\/clauschi.de\/ejk\/?page_id=409\">Unter 7 Br\u00fccken musst du gehen<\/a>&#8222;), die gr\u00f6\u00dftenteils mit dem Boot gut machbar ist.<\/p>\n","protected":false},"excerpt":{"rendered":"<p>Im August 2019 hat TeamSpurensucher auf dem Ems-Jade-Kanal von Wilhelmshaven bis Emden ca 200 (aktuell genau 188) Letterboxen ausgelegt. Die reine Fahrtzeit betr\u00e4gt f\u00fcr die<\/p>\n","protected":false},"author":2,"featured_media":0,"parent":352,"menu_order":1,"comment_status":"closed","ping_status":"closed","template":"","meta":{"footnotes":""},"class_list":["post-359","page","type-page","status-publish","hentry"],"_links":{"self":[{"href":"https:\/\/clauschi.de\/ejk\/index.php?rest_route=\/wp\/v2\/pages\/359","targetHints":{"allow":["GET"]}}],"collection":[{"href":"https:\/\/clauschi.de\/ejk\/index.php?rest_route=\/wp\/v2\/pages"}],"about":[{"href":"https:\/\/clauschi.de\/ejk\/index.php?rest_route=\/wp\/v2\/types\/page"}],"author":[{"embeddable":true,"href":"https:\/\/clauschi.de\/ejk\/index.php?rest_route=\/wp\/v2\/users\/2"}],"replies":[{"embeddable":true,"href":"https:\/\/clauschi.de\/ejk\/index.php?rest_route=%2Fwp%2Fv2%2Fcomments&post=359"}],"version-history":[{"count":3,"href":"https:\/\/clauschi.de\/ejk\/index.php?rest_route=\/wp\/v2\/pages\/359\/revisions"}],"predecessor-version":[{"id":412,"href":"https:\/\/clauschi.de\/ejk\/index.php?rest_route=\/wp\/v2\/pages\/359\/revisions\/412"}],"up":[{"embeddable":true,"href":"https:\/\/clauschi.de\/ejk\/index.php?rest_route=\/wp\/v2\/pages\/352"}],"wp:attachment":[{"href":"https:\/\/clauschi.de\/ejk\/index.php?rest_route=%2Fwp%2Fv2%2Fmedia&parent=359"}],"curies":[{"name":"wp","href":"https:\/\/api.w.org\/{rel}","templated":true}]}}