{"id":354,"date":"2020-02-18T06:57:06","date_gmt":"2020-02-18T05:57:06","guid":{"rendered":"https:\/\/clauschi.de\/ejk\/?page_id=354"},"modified":"2020-03-10T07:54:50","modified_gmt":"2020-03-10T06:54:50","slug":"reiseinfos-2","status":"publish","type":"page","link":"https:\/\/clauschi.de\/ejk\/?page_id=354","title":{"rendered":"Reiseinfos"},"content":{"rendered":"\n<p>2020 fahren wir vom 12. bis 15. April mit unserem T4-Bulli nach Ostfriesland. <\/p>\n\n\n\n<p>Die berechnete Fahrzeit f\u00fcr die 420 km von Diez nach Gro\u00dfefehn via A3 und A31 betr\u00e4gt etwa 4,5 Stunden.<\/p>\n\n\n\n<p>Diesmal sind wir im <a href=\"https:\/\/clauschi.de\/ejk\/?page_id=401\">Landhaus Feyen<\/a> untergebracht, was etwas zentraler und insbesondere n\u00e4her am Nordgeorgsfehnkanal sowie dem Adventskalender liegt.<\/p>\n\n\n\n<p>Auf den Kan\u00e4len und Fl\u00fcssen fahren wir mit einem Schlauchboot mit Au\u00dfenborder. Der Tank umfasst 25 Liter. Die Reisegeschwindigkeit betr\u00e4gt auf dem Ems-Jade-Kanal und auf dem Schifffahrtsweg Elbe-Weser max. 8 km\/h, auf dem Nordgeorgsfehnkanal und auf der Medem dagegen nur 6 km\/h. <\/p>\n","protected":false},"excerpt":{"rendered":"<p>2020 fahren wir vom 12. bis 15. April mit unserem T4-Bulli nach Ostfriesland. Die berechnete Fahrzeit f\u00fcr die 420 km von Diez nach Gro\u00dfefehn via<\/p>\n","protected":false},"author":2,"featured_media":0,"parent":0,"menu_order":3,"comment_status":"closed","ping_status":"closed","template":"","meta":{"footnotes":""},"class_list":["post-354","page","type-page","status-publish","hentry"],"_links":{"self":[{"href":"https:\/\/clauschi.de\/ejk\/index.php?rest_route=\/wp\/v2\/pages\/354","targetHints":{"allow":["GET"]}}],"collection":[{"href":"https:\/\/clauschi.de\/ejk\/index.php?rest_route=\/wp\/v2\/pages"}],"about":[{"href":"https:\/\/clauschi.de\/ejk\/index.php?rest_route=\/wp\/v2\/types\/page"}],"author":[{"embeddable":true,"href":"https:\/\/clauschi.de\/ejk\/index.php?rest_route=\/wp\/v2\/users\/2"}],"replies":[{"embeddable":true,"href":"https:\/\/clauschi.de\/ejk\/index.php?rest_route=%2Fwp%2Fv2%2Fcomments&post=354"}],"version-history":[{"count":7,"href":"https:\/\/clauschi.de\/ejk\/index.php?rest_route=\/wp\/v2\/pages\/354\/revisions"}],"predecessor-version":[{"id":406,"href":"https:\/\/clauschi.de\/ejk\/index.php?rest_route=\/wp\/v2\/pages\/354\/revisions\/406"}],"wp:attachment":[{"href":"https:\/\/clauschi.de\/ejk\/index.php?rest_route=%2Fwp%2Fv2%2Fmedia&parent=354"}],"curies":[{"name":"wp","href":"https:\/\/api.w.org\/{rel}","templated":true}]}}