{"id":35,"date":"2019-04-24T08:56:36","date_gmt":"2019-04-24T06:56:36","guid":{"rendered":"https:\/\/clauschi.de\/ejk\/?page_id=35"},"modified":"2020-02-18T09:11:32","modified_gmt":"2020-02-18T08:11:32","slug":"juemme","status":"publish","type":"page","link":"https:\/\/clauschi.de\/ejk\/?page_id=35","title":{"rendered":"J\u00fcmme"},"content":{"rendered":"\n<p>Die <strong>J\u00fcmme<\/strong> ist ein <a href=\"https:\/\/de.wikipedia.org\/wiki\/Nebenfluss\">Nebenfluss<\/a> der <a href=\"https:\/\/de.wikipedia.org\/wiki\/Leda_%28Fluss%29\">Leda<\/a> und der gemeinsame <a href=\"https:\/\/de.wikipedia.org\/wiki\/Gezeiten\">tidenabh\u00e4ngige<\/a> Unterlauf zweier kleiner Fl\u00fcsse. Nach acht Kilometern m\u00fcndet unterhalb von <a href=\"https:\/\/de.wikipedia.org\/wiki\/Stickhausen\">Stickhausen<\/a> der <a href=\"https:\/\/de.wikipedia.org\/wiki\/Nordgeorgsfehnkanal\">Nordgeorgsfehnkanal<\/a>, der das Flusssystem mit dem <a href=\"https:\/\/de.wikipedia.org\/wiki\/Ems-Jade-Kanal\">Ems-Jade-Kanal<\/a> verbindet.  Die J\u00fcmme kann mit Wasserfahrzeugen bis zu einer L\u00e4nge von 20 m, einer Breite von 4,5 m und einem Tiefgang von 1,2 m befahren werden; der <a href=\"https:\/\/de.wikipedia.org\/wiki\/Pegel_%28Wasserstandsmessung%29#Br%C3%BCckenpegel\">Br\u00fcckenpegel<\/a> liegt bei mittlerem Hochwasser bei 4 m.  <\/p>\n\n\n\n<figure class=\"wp-block-image\"><img loading=\"lazy\" decoding=\"async\" width=\"896\" height=\"567\" src=\"https:\/\/clauschi.de\/ejk\/wp-content\/uploads\/2019\/04\/j\u00fcmme.jpg\" alt=\"\" class=\"wp-image-38\" srcset=\"https:\/\/clauschi.de\/ejk\/wp-content\/uploads\/2019\/04\/j\u00fcmme.jpg 896w, https:\/\/clauschi.de\/ejk\/wp-content\/uploads\/2019\/04\/j\u00fcmme-300x190.jpg 300w, https:\/\/clauschi.de\/ejk\/wp-content\/uploads\/2019\/04\/j\u00fcmme-768x486.jpg 768w\" sizes=\"auto, (max-width: 896px) 100vw, 896px\" \/><\/figure>\n\n\n\n<p>Die J\u00fcmme hat sp\u00fcrbare Tidenhube mit teilweise starken Aktivit\u00e4ten. Wir scheinen diesbez\u00fcglich aber Gl\u00fcck zu haben. Ende April sind nur niedrige bis mittlere Aktivit\u00e4ten zu sp\u00fcren und die Wasserpegel von Hoch- und Niedrigwasser unterscheiden sich kaum.<\/p>\n\n\n\n<p>Gezeitentabellen:<\/p>\n\n\n\n<ul class=\"wp-block-list\"><li><a href=\"https:\/\/gezeitenfisch.com\/de\/niedersachsen\/detern-jumme#_gezeitentabelle\" target=\"_blank\" rel=\"noreferrer noopener\" aria-label=\"Gezeiten von Detern (\u00f6ffnet in neuem Tab)\">Gezeiten von Detern<\/a><\/li><li><a rel=\"noreferrer noopener\" aria-label=\"Gezeiten von Bar\u00dfel (\u00f6ffnet in neuem Tab)\" href=\"https:\/\/gezeitenfisch.com\/de\/niedersachsen\/barel-soeste#_gezeitentabelle\" target=\"_blank\">Gezeiten von Bar\u00dfel<\/a><\/li><\/ul>\n\n\n\n<p><\/p>\n","protected":false},"excerpt":{"rendered":"<p>Die J\u00fcmme ist ein Nebenfluss der Leda und der gemeinsame tidenabh\u00e4ngige Unterlauf zweier kleiner Fl\u00fcsse. Nach acht Kilometern m\u00fcndet unterhalb von Stickhausen der Nordgeorgsfehnkanal, der<\/p>\n","protected":false},"author":2,"featured_media":0,"parent":44,"menu_order":3,"comment_status":"closed","ping_status":"closed","template":"","meta":{"footnotes":""},"class_list":["post-35","page","type-page","status-publish","hentry"],"_links":{"self":[{"href":"https:\/\/clauschi.de\/ejk\/index.php?rest_route=\/wp\/v2\/pages\/35","targetHints":{"allow":["GET"]}}],"collection":[{"href":"https:\/\/clauschi.de\/ejk\/index.php?rest_route=\/wp\/v2\/pages"}],"about":[{"href":"https:\/\/clauschi.de\/ejk\/index.php?rest_route=\/wp\/v2\/types\/page"}],"author":[{"embeddable":true,"href":"https:\/\/clauschi.de\/ejk\/index.php?rest_route=\/wp\/v2\/users\/2"}],"replies":[{"embeddable":true,"href":"https:\/\/clauschi.de\/ejk\/index.php?rest_route=%2Fwp%2Fv2%2Fcomments&post=35"}],"version-history":[{"count":4,"href":"https:\/\/clauschi.de\/ejk\/index.php?rest_route=\/wp\/v2\/pages\/35\/revisions"}],"predecessor-version":[{"id":43,"href":"https:\/\/clauschi.de\/ejk\/index.php?rest_route=\/wp\/v2\/pages\/35\/revisions\/43"}],"up":[{"embeddable":true,"href":"https:\/\/clauschi.de\/ejk\/index.php?rest_route=\/wp\/v2\/pages\/44"}],"wp:attachment":[{"href":"https:\/\/clauschi.de\/ejk\/index.php?rest_route=%2Fwp%2Fv2%2Fmedia&parent=35"}],"curies":[{"name":"wp","href":"https:\/\/api.w.org\/{rel}","templated":true}]}}