{"id":85,"date":"2013-06-12T15:47:56","date_gmt":"2013-06-12T13:47:56","guid":{"rendered":"https:\/\/clauschi.de\/d\/?page_id=85"},"modified":"2013-06-20T20:43:15","modified_gmt":"2013-06-20T18:43:15","slug":"hessen","status":"publish","type":"page","link":"https:\/\/clauschi.de\/d\/geocaches\/hessen\/","title":{"rendered":"Hessen"},"content":{"rendered":"<p>[catlist=33]<\/p>\n<p>In Hessen wollen wir folgende 2 Caches besuchen:<\/p>\n<ol>\n<li><a href=\"http:\/\/coord.info\/GC2PNPT\" target=\"_blank\">Kurzer Waldspaziergang&#8230;&#8230;&#8230;.<\/a> (43 FPs)<br \/>\nTradi, N 49\u00b0 35.949 E 008\u00b0 31.581<\/li>\n<li><a href=\"http:\/\/coord.info\/GC3WRHW\" target=\"_blank\">Lonely wooden bench<\/a> (3 FPs)<br \/>\nTradi, N 49\u00b0 35.822 E 008\u00b0 29.671<br \/>\nF\u00fcr so einen einfachen Tradi m\u00f6chtes ihr noch einen Hinweis. Sch\u00e4mt euch! &#8211; wie w\u00e4re es mit der Bank.<\/li>\n<\/ol>\n<p>&nbsp;<\/p>\n<p>[wpgmappity id=&#8220;3&#8243;]<\/p>\n","protected":false},"excerpt":{"rendered":"<p>[catlist=33] In Hessen wollen wir folgende 2 Caches besuchen: Kurzer Waldspaziergang&#8230;&#8230;&#8230;. (43 FPs) Tradi, N 49\u00b0 35.949 E 008\u00b0 31.581 Lonely wooden bench (3 FPs) Tradi, N 49\u00b0 35.822 E 008\u00b0 29.671 F\u00fcr so einen einfachen Tradi m\u00f6chtes ihr noch &hellip; <a href=\"https:\/\/clauschi.de\/d\/geocaches\/hessen\/\">Weiterlesen <span class=\"meta-nav\">&rarr;<\/span><\/a><\/p>\n","protected":false},"author":2,"featured_media":0,"parent":82,"menu_order":14,"comment_status":"closed","ping_status":"closed","template":"","meta":{"footnotes":""},"class_list":["post-85","page","type-page","status-publish","hentry"],"_links":{"self":[{"href":"https:\/\/clauschi.de\/d\/wp-json\/wp\/v2\/pages\/85","targetHints":{"allow":["GET"]}}],"collection":[{"href":"https:\/\/clauschi.de\/d\/wp-json\/wp\/v2\/pages"}],"about":[{"href":"https:\/\/clauschi.de\/d\/wp-json\/wp\/v2\/types\/page"}],"author":[{"embeddable":true,"href":"https:\/\/clauschi.de\/d\/wp-json\/wp\/v2\/users\/2"}],"replies":[{"embeddable":true,"href":"https:\/\/clauschi.de\/d\/wp-json\/wp\/v2\/comments?post=85"}],"version-history":[{"count":14,"href":"https:\/\/clauschi.de\/d\/wp-json\/wp\/v2\/pages\/85\/revisions"}],"predecessor-version":[{"id":383,"href":"https:\/\/clauschi.de\/d\/wp-json\/wp\/v2\/pages\/85\/revisions\/383"}],"up":[{"embeddable":true,"href":"https:\/\/clauschi.de\/d\/wp-json\/wp\/v2\/pages\/82"}],"wp:attachment":[{"href":"https:\/\/clauschi.de\/d\/wp-json\/wp\/v2\/media?parent=85"}],"curies":[{"name":"wp","href":"https:\/\/api.w.org\/{rel}","templated":true}]}}