{"id":609,"date":"2013-06-23T20:08:31","date_gmt":"2013-06-23T18:08:31","guid":{"rendered":"https:\/\/clauschi.de\/d\/?page_id=609"},"modified":"2013-06-23T21:05:16","modified_gmt":"2013-06-23T19:05:16","slug":"fotos","status":"publish","type":"page","link":"https:\/\/clauschi.de\/d\/fotos\/","title":{"rendered":"Fotos"},"content":{"rendered":"<p>ACHTUNG!<br \/>\nIn den Foto-Galerien finden sich eine Menge Spoiler-Fotos! Wenn ihr euch den Spa\u00df der \u00dcberraschung nicht nehmen wollt, solltet ihr diese vielleicht besser nicht anschauen! ClauSchis Galerie findet sich gr\u00f6\u00dftenteils in den Artikeln.<\/p>\n","protected":false},"excerpt":{"rendered":"<p>ACHTUNG! In den Foto-Galerien finden sich eine Menge Spoiler-Fotos! Wenn ihr euch den Spa\u00df der \u00dcberraschung nicht nehmen wollt, solltet ihr diese vielleicht besser nicht anschauen! ClauSchis Galerie findet sich gr\u00f6\u00dftenteils in den Artikeln.<\/p>\n","protected":false},"author":2,"featured_media":0,"parent":0,"menu_order":0,"comment_status":"open","ping_status":"closed","template":"","meta":{"footnotes":""},"class_list":["post-609","page","type-page","status-publish","hentry"],"_links":{"self":[{"href":"https:\/\/clauschi.de\/d\/wp-json\/wp\/v2\/pages\/609","targetHints":{"allow":["GET"]}}],"collection":[{"href":"https:\/\/clauschi.de\/d\/wp-json\/wp\/v2\/pages"}],"about":[{"href":"https:\/\/clauschi.de\/d\/wp-json\/wp\/v2\/types\/page"}],"author":[{"embeddable":true,"href":"https:\/\/clauschi.de\/d\/wp-json\/wp\/v2\/users\/2"}],"replies":[{"embeddable":true,"href":"https:\/\/clauschi.de\/d\/wp-json\/wp\/v2\/comments?post=609"}],"version-history":[{"count":2,"href":"https:\/\/clauschi.de\/d\/wp-json\/wp\/v2\/pages\/609\/revisions"}],"predecessor-version":[{"id":617,"href":"https:\/\/clauschi.de\/d\/wp-json\/wp\/v2\/pages\/609\/revisions\/617"}],"wp:attachment":[{"href":"https:\/\/clauschi.de\/d\/wp-json\/wp\/v2\/media?parent=609"}],"curies":[{"name":"wp","href":"https:\/\/api.w.org\/{rel}","templated":true}]}}