{"id":232,"date":"2013-06-17T17:31:49","date_gmt":"2013-06-17T15:31:49","guid":{"rendered":"https:\/\/clauschi.de\/d\/?page_id=232"},"modified":"2013-06-20T11:00:18","modified_gmt":"2013-06-20T09:00:18","slug":"vielfresserchen","status":"publish","type":"page","link":"https:\/\/clauschi.de\/d\/mitfahrer\/vielfresserchen\/","title":{"rendered":"Vielfresserchen"},"content":{"rendered":"<p><img decoding=\"async\" src=\"http:\/\/img.geocaching.com\/cache\/log\/large\/30043e1c-d01f-4616-9194-da9e86b172d4.jpg\" alt=\"Sven\" \/><br \/>\nDie Vielfresserchen, das sind eigentlich Bianca und Sven, sind auf dieser Tour quer durch die Republik nur zur H\u00e4lfte vertreten. Seit nunmehr drei Jahren ziehen wir unsere Kreise im GC-Universum und machen dabei haupts\u00e4chlich das Rhein-Main-Gebiet unsicher. Es sei denn, ClauSchi \u00fcberredet uns mal wieder zu einer seiner verr\u00fcckten Ideen &#8211; so wie zu dieser Fahrt, welche allem bisher dagewesenen noch einmal die Krone aufsetzt.<br \/>\nAnsonsten r\u00e4tseln wir sehr gerne, so manch harte Nuss haben wir schon geknackt. Zur Belohnung geht es dann am besten zu einer Kletterpartie in den Wald, da ist man meistens sch\u00f6n ungest\u00f6rt.<br \/>\nAm meisten freue ich mich nun auf die Ankunft in Bremen, dort haben wir n\u00e4mlich bisweilen noch nicht gecacht. Au\u00dferdem steht mit &#8222;HB-1&#8220; einer der \u00e4ltesten Caches Deutschland auf dem Programm, nachdem wir GC77 leider von unserer Liste streichen mussten.<\/p>\n","protected":false},"excerpt":{"rendered":"<p>Die Vielfresserchen, das sind eigentlich Bianca und Sven, sind auf dieser Tour quer durch die Republik nur zur H\u00e4lfte vertreten. Seit nunmehr drei Jahren ziehen wir unsere Kreise im GC-Universum und machen dabei haupts\u00e4chlich das Rhein-Main-Gebiet unsicher. Es sei denn, &hellip; <a href=\"https:\/\/clauschi.de\/d\/mitfahrer\/vielfresserchen\/\">Weiterlesen <span class=\"meta-nav\">&rarr;<\/span><\/a><\/p>\n","protected":false},"author":4,"featured_media":0,"parent":107,"menu_order":6,"comment_status":"open","ping_status":"closed","template":"","meta":{"footnotes":""},"class_list":["post-232","page","type-page","status-publish","hentry"],"_links":{"self":[{"href":"https:\/\/clauschi.de\/d\/wp-json\/wp\/v2\/pages\/232","targetHints":{"allow":["GET"]}}],"collection":[{"href":"https:\/\/clauschi.de\/d\/wp-json\/wp\/v2\/pages"}],"about":[{"href":"https:\/\/clauschi.de\/d\/wp-json\/wp\/v2\/types\/page"}],"author":[{"embeddable":true,"href":"https:\/\/clauschi.de\/d\/wp-json\/wp\/v2\/users\/4"}],"replies":[{"embeddable":true,"href":"https:\/\/clauschi.de\/d\/wp-json\/wp\/v2\/comments?post=232"}],"version-history":[{"count":4,"href":"https:\/\/clauschi.de\/d\/wp-json\/wp\/v2\/pages\/232\/revisions"}],"predecessor-version":[{"id":234,"href":"https:\/\/clauschi.de\/d\/wp-json\/wp\/v2\/pages\/232\/revisions\/234"}],"up":[{"embeddable":true,"href":"https:\/\/clauschi.de\/d\/wp-json\/wp\/v2\/pages\/107"}],"wp:attachment":[{"href":"https:\/\/clauschi.de\/d\/wp-json\/wp\/v2\/media?parent=232"}],"curies":[{"name":"wp","href":"https:\/\/api.w.org\/{rel}","templated":true}]}}