{"id":228,"date":"2013-06-17T17:30:53","date_gmt":"2013-06-17T15:30:53","guid":{"rendered":"https:\/\/clauschi.de\/d\/?page_id=228"},"modified":"2013-06-18T14:21:27","modified_gmt":"2013-06-18T12:21:27","slug":"et2728","status":"publish","type":"page","link":"https:\/\/clauschi.de\/d\/mitfahrer\/et2728\/","title":{"rendered":"et2728"},"content":{"rendered":"<p>Wir cachen seit M\u00e4rz 2009 als et2728.<\/p>\n<p>Zum Hobby sind wir durch ein Buch eines bekannten Comedians und durch Informationen aus dem WWW gesto\u00dfen. Schnell waren wir fasziniert und sch\u00e4tzen vor allem den Outdoor-Teil dieses Hobbys. Wir unternehmen gerne Wanderrunden, allein oder in der Gruppe, m\u00f6gen Earthcaches, sch\u00e4tzen aber auch Mysterys mit sch\u00f6nen sowie schweren R\u00e4tseln. Danach haben wir auch unser eigenes Cacheangebot ausgerichtet.<\/p>\n<p>Zu unserem Vorlieben z\u00e4hlen genauso gr\u00f6\u00dfere Cacheprojekte, die wir gerne mit organisieren. Sei es ein Cachewochenende unter einem bestimmten Motto, besondere Caches, die Teamarbeit erfordern, oder so eine Challenge, wie sie an diesem Tag startet. So ein bisschen &#8222;verr\u00fcckt&#8220; kann nicht schaden.  <\/p>\n","protected":false},"excerpt":{"rendered":"<p>Wir cachen seit M\u00e4rz 2009 als et2728. Zum Hobby sind wir durch ein Buch eines bekannten Comedians und durch Informationen aus dem WWW gesto\u00dfen. Schnell waren wir fasziniert und sch\u00e4tzen vor allem den Outdoor-Teil dieses Hobbys. Wir unternehmen gerne Wanderrunden, &hellip; <a href=\"https:\/\/clauschi.de\/d\/mitfahrer\/et2728\/\">Weiterlesen <span class=\"meta-nav\">&rarr;<\/span><\/a><\/p>\n","protected":false},"author":3,"featured_media":0,"parent":107,"menu_order":4,"comment_status":"open","ping_status":"closed","template":"","meta":{"footnotes":""},"class_list":["post-228","page","type-page","status-publish","hentry"],"_links":{"self":[{"href":"https:\/\/clauschi.de\/d\/wp-json\/wp\/v2\/pages\/228","targetHints":{"allow":["GET"]}}],"collection":[{"href":"https:\/\/clauschi.de\/d\/wp-json\/wp\/v2\/pages"}],"about":[{"href":"https:\/\/clauschi.de\/d\/wp-json\/wp\/v2\/types\/page"}],"author":[{"embeddable":true,"href":"https:\/\/clauschi.de\/d\/wp-json\/wp\/v2\/users\/3"}],"replies":[{"embeddable":true,"href":"https:\/\/clauschi.de\/d\/wp-json\/wp\/v2\/comments?post=228"}],"version-history":[{"count":5,"href":"https:\/\/clauschi.de\/d\/wp-json\/wp\/v2\/pages\/228\/revisions"}],"predecessor-version":[{"id":243,"href":"https:\/\/clauschi.de\/d\/wp-json\/wp\/v2\/pages\/228\/revisions\/243"}],"up":[{"embeddable":true,"href":"https:\/\/clauschi.de\/d\/wp-json\/wp\/v2\/pages\/107"}],"wp:attachment":[{"href":"https:\/\/clauschi.de\/d\/wp-json\/wp\/v2\/media?parent=228"}],"curies":[{"name":"wp","href":"https:\/\/api.w.org\/{rel}","templated":true}]}}