{"id":209,"date":"2013-06-16T19:21:58","date_gmt":"2013-06-16T17:21:58","guid":{"rendered":"https:\/\/clauschi.de\/d\/?page_id=209"},"modified":"2013-06-16T19:21:58","modified_gmt":"2013-06-16T17:21:58","slug":"clauschi","status":"publish","type":"page","link":"https:\/\/clauschi.de\/d\/mitfahrer\/clauschi\/","title":{"rendered":"ClauSchi"},"content":{"rendered":"<p><img decoding=\"async\" src=\"http:\/\/img.geocaching.com\/user\/large\/d757f473-2689-4d67-82f4-e2cb70ff6c81.jpg\" alt=\"Cachen macht s\u00fcchtig\" \/><\/p>\n<p>ClauSchi ist nunmehr seit ca. 5 Jahren zum Cachen unterwegs und hat schon so manche verr\u00fcckte Idee in die Tat umgesetzt. Wenn nicht die Arbeit w\u00e4re, w\u00fcrde er vermutlich den ganzen Tag durch die W\u00e4lder streifen.<\/p>\n<p>Apropos W\u00e4lder: ClauSchi liebt die Waldcaches, wo er ungest\u00f6rt und unbeobachtet suchen kann. Eigentlich findet er auch lieber, als dass er sucht, aber das eine bedingt leider das andere.<\/p>\n<p>Bei der Deutschlandtour freut er sich vor allem auf Leipzig, Berlin und Hamburg, wo auf das Team so mancher sch\u00f6ne Cache mit vielen Favoritenpunkten wartet.<\/p>\n","protected":false},"excerpt":{"rendered":"<p>ClauSchi ist nunmehr seit ca. 5 Jahren zum Cachen unterwegs und hat schon so manche verr\u00fcckte Idee in die Tat umgesetzt. Wenn nicht die Arbeit w\u00e4re, w\u00fcrde er vermutlich den ganzen Tag durch die W\u00e4lder streifen. Apropos W\u00e4lder: ClauSchi liebt &hellip; <a href=\"https:\/\/clauschi.de\/d\/mitfahrer\/clauschi\/\">Weiterlesen <span class=\"meta-nav\">&rarr;<\/span><\/a><\/p>\n","protected":false},"author":2,"featured_media":0,"parent":107,"menu_order":3,"comment_status":"open","ping_status":"closed","template":"","meta":{"footnotes":""},"class_list":["post-209","page","type-page","status-publish","hentry"],"_links":{"self":[{"href":"https:\/\/clauschi.de\/d\/wp-json\/wp\/v2\/pages\/209","targetHints":{"allow":["GET"]}}],"collection":[{"href":"https:\/\/clauschi.de\/d\/wp-json\/wp\/v2\/pages"}],"about":[{"href":"https:\/\/clauschi.de\/d\/wp-json\/wp\/v2\/types\/page"}],"author":[{"embeddable":true,"href":"https:\/\/clauschi.de\/d\/wp-json\/wp\/v2\/users\/2"}],"replies":[{"embeddable":true,"href":"https:\/\/clauschi.de\/d\/wp-json\/wp\/v2\/comments?post=209"}],"version-history":[{"count":1,"href":"https:\/\/clauschi.de\/d\/wp-json\/wp\/v2\/pages\/209\/revisions"}],"predecessor-version":[{"id":210,"href":"https:\/\/clauschi.de\/d\/wp-json\/wp\/v2\/pages\/209\/revisions\/210"}],"up":[{"embeddable":true,"href":"https:\/\/clauschi.de\/d\/wp-json\/wp\/v2\/pages\/107"}],"wp:attachment":[{"href":"https:\/\/clauschi.de\/d\/wp-json\/wp\/v2\/media?parent=209"}],"curies":[{"name":"wp","href":"https:\/\/api.w.org\/{rel}","templated":true}]}}