{"id":194,"date":"2013-06-14T14:25:53","date_gmt":"2013-06-14T12:25:53","guid":{"rendered":"https:\/\/clauschi.de\/d\/?page_id=194"},"modified":"2013-06-20T19:44:47","modified_gmt":"2013-06-20T17:44:47","slug":"nordrhein-westfalen","status":"publish","type":"page","link":"https:\/\/clauschi.de\/d\/geocaches\/nordrhein-westfalen\/","title":{"rendered":"Nordrhein-Westfalen"},"content":{"rendered":"<p>[catlist=46]<\/p>\n<p>In <strong>Nordrhein-Westfalen<\/strong> besuchen wir folgende Caches:<\/p>\n<ol>\n<li><a href=\"http:\/\/coord.info\/GC3A73V\" target=\"_blank\">TB Hotel des Landstreichers Key888 Nicht bei Regen<\/a> (589 FPs)<br \/>\nTradi, N 52\u00b0 15.850 E 007\u00b0 53.460<br \/>\nHinweis: Im See neben der gelben H\u00fctte; Schl\u00fcssel 888; Nicht bei Regen und Schneefall; Gaby passt auf und freut sich \u00fcber jeden Gast.<\/li>\n<li><a href=\"http:\/\/coord.info\/GC37TB1\" target=\"_blank\">Der letzte Friseur vor der A1<\/a> (88 FPs)<br \/>\nTradi, N 52\u00b0 18.230 E 007\u00b0 56.571<br \/>\nHinweis: Vorne die schwarze Kappe abmachen, dann ist das aufschrauben einfacher.<\/li>\n<li><del><a href=\"http:\/\/coord.info\/GC1D36V\" target=\"_blank\">Attersee<\/a> (4 FPs)<\/del><br \/>\nTradi, N 52\u00b0 18.176 E 007\u00b0 56.287<br \/>\nHinweis: Vorsicht Brennnesseln!<\/li>\n<\/ol>\n<p>[wpgmappity id=&#8220;16&#8243;]<\/p>\n","protected":false},"excerpt":{"rendered":"<p>[catlist=46] In Nordrhein-Westfalen besuchen wir folgende Caches: TB Hotel des Landstreichers Key888 Nicht bei Regen (589 FPs) Tradi, N 52\u00b0 15.850 E 007\u00b0 53.460 Hinweis: Im See neben der gelben H\u00fctte; Schl\u00fcssel 888; Nicht bei Regen und Schneefall; Gaby passt &hellip; <a href=\"https:\/\/clauschi.de\/d\/geocaches\/nordrhein-westfalen\/\">Weiterlesen <span class=\"meta-nav\">&rarr;<\/span><\/a><\/p>\n","protected":false},"author":2,"featured_media":0,"parent":82,"menu_order":1,"comment_status":"closed","ping_status":"closed","template":"","meta":{"footnotes":""},"class_list":["post-194","page","type-page","status-publish","hentry"],"_links":{"self":[{"href":"https:\/\/clauschi.de\/d\/wp-json\/wp\/v2\/pages\/194","targetHints":{"allow":["GET"]}}],"collection":[{"href":"https:\/\/clauschi.de\/d\/wp-json\/wp\/v2\/pages"}],"about":[{"href":"https:\/\/clauschi.de\/d\/wp-json\/wp\/v2\/types\/page"}],"author":[{"embeddable":true,"href":"https:\/\/clauschi.de\/d\/wp-json\/wp\/v2\/users\/2"}],"replies":[{"embeddable":true,"href":"https:\/\/clauschi.de\/d\/wp-json\/wp\/v2\/comments?post=194"}],"version-history":[{"count":10,"href":"https:\/\/clauschi.de\/d\/wp-json\/wp\/v2\/pages\/194\/revisions"}],"predecessor-version":[{"id":198,"href":"https:\/\/clauschi.de\/d\/wp-json\/wp\/v2\/pages\/194\/revisions\/198"}],"up":[{"embeddable":true,"href":"https:\/\/clauschi.de\/d\/wp-json\/wp\/v2\/pages\/82"}],"wp:attachment":[{"href":"https:\/\/clauschi.de\/d\/wp-json\/wp\/v2\/media?parent=194"}],"curies":[{"name":"wp","href":"https:\/\/api.w.org\/{rel}","templated":true}]}}