{"id":18,"date":"2013-06-12T15:18:51","date_gmt":"2013-06-12T13:18:51","guid":{"rendered":"https:\/\/clauschi.de\/d\/?page_id=18"},"modified":"2013-06-20T19:33:58","modified_gmt":"2013-06-20T17:33:58","slug":"ruckreise","status":"publish","type":"page","link":"https:\/\/clauschi.de\/d\/tourverlau\/ruckreise\/","title":{"rendered":"R\u00fcckreise"},"content":{"rendered":"<p>Die Deutschlandtour endet im Saarland in der N\u00e4he von Homburg. Die R\u00fcckreise nach Wiesbaden wird noch einmal ein bis zwei Stunden dauern.<\/p>\n<p>[catlist=30]<\/p>\n<p>&nbsp;<\/p>\n","protected":false},"excerpt":{"rendered":"<p>Die Deutschlandtour endet im Saarland in der N\u00e4he von Homburg. Die R\u00fcckreise nach Wiesbaden wird noch einmal ein bis zwei Stunden dauern. [catlist=30] &nbsp;<\/p>\n","protected":false},"author":2,"featured_media":0,"parent":6,"menu_order":26,"comment_status":"closed","ping_status":"closed","template":"","meta":{"footnotes":""},"class_list":["post-18","page","type-page","status-publish","hentry"],"_links":{"self":[{"href":"https:\/\/clauschi.de\/d\/wp-json\/wp\/v2\/pages\/18","targetHints":{"allow":["GET"]}}],"collection":[{"href":"https:\/\/clauschi.de\/d\/wp-json\/wp\/v2\/pages"}],"about":[{"href":"https:\/\/clauschi.de\/d\/wp-json\/wp\/v2\/types\/page"}],"author":[{"embeddable":true,"href":"https:\/\/clauschi.de\/d\/wp-json\/wp\/v2\/users\/2"}],"replies":[{"embeddable":true,"href":"https:\/\/clauschi.de\/d\/wp-json\/wp\/v2\/comments?post=18"}],"version-history":[{"count":4,"href":"https:\/\/clauschi.de\/d\/wp-json\/wp\/v2\/pages\/18\/revisions"}],"predecessor-version":[{"id":361,"href":"https:\/\/clauschi.de\/d\/wp-json\/wp\/v2\/pages\/18\/revisions\/361"}],"up":[{"embeddable":true,"href":"https:\/\/clauschi.de\/d\/wp-json\/wp\/v2\/pages\/6"}],"wp:attachment":[{"href":"https:\/\/clauschi.de\/d\/wp-json\/wp\/v2\/media?parent=18"}],"curies":[{"name":"wp","href":"https:\/\/api.w.org\/{rel}","templated":true}]}}