{"id":157,"date":"2013-06-12T21:08:09","date_gmt":"2013-06-12T19:08:09","guid":{"rendered":"https:\/\/clauschi.de\/d\/?page_id=157"},"modified":"2013-06-20T20:26:02","modified_gmt":"2013-06-20T18:26:02","slug":"berlin","status":"publish","type":"page","link":"https:\/\/clauschi.de\/d\/geocaches\/berlin\/","title":{"rendered":"Berlin"},"content":{"rendered":"<p>[catlist=40]<\/p>\n<p>In <strong>Berlin<\/strong> besuchen wir folgende Caches:<\/p>\n<ol>\n<li><a href=\"http:\/\/coord.info\/GC3DC48\" target=\"_blank\">Spree Blick 2<\/a> (88 FPs)<br \/>\nTradi, N 52\u00b0 31.701 E 013\u00b0 17.780<\/li>\n<li><a href=\"http:\/\/coord.info\/GC33BDF\" target=\"_blank\">Super-Nano am Tiergarten<\/a> (260 FPs)<br \/>\nTradi, N 52\u00b0 30.918 E 013\u00b0 21.857<br \/>\nHinweis: Nicht unten<\/li>\n<li><a href=\"http:\/\/coord.info\/GC1WJHX\" target=\"_blank\">Berlin&#8217;s Second (but first virtual) Cache<\/a> (474 FPs)<br \/>\nVirtual, N 52\u00b0 30.580 E 013\u00b0 22.576<br \/>\nHinweis: you need post a picture of yourself and your GPSr at the marker<\/li>\n<li><a href=\"http:\/\/coord.info\/GC1WJHX\" target=\"_blank\">Lego &#8211; einer ist zuviel<\/a> (2632 FPs)<br \/>\nTradi, N 52\u00b0 30.568 E 013\u00b0 22.362<br \/>\nHinweis: Schau nach einer Tupperdose (??? eher ein Legostein!)<\/li>\n<li><del><a href=\"http:\/\/coord.info\/GC191AB\" target=\"_blank\">T4<\/a> (15 FPs)<\/del><br \/>\nMulti, N 52\u00b0 30.659 E 013\u00b0 22.258<br \/>\nHinweis: Magnetisch<\/li>\n<li><a href=\"http:\/\/coord.info\/GC3PNX7\" target=\"_blank\">Detlev-Rohwedder-Haus<\/a> (184 FPs)<br \/>\nTradi, N 52\u00b0 30.524 E 013\u00b0 23.106<br \/>\nHinweis: Der ESD-Messpunkt in Bodenn\u00e4he f\u00fchrt Euch zum Ziel. Verschlossen? Hier ist kein Sch\u00fcssel n\u00f6tig: Magnetverschluss!<\/li>\n<li><a href=\"http:\/\/coord.info\/GC9A6E\" target=\"_blank\">Historic Words<\/a> (517 FPs)<br \/>\nVirtual, N 52\u00b0 30.438 E 013\u00b0 23.420<br \/>\nHinweis: Senden Sie mir ein Bild von sich selbst an diesem ber\u00fchmten Ort.<\/li>\n<li><a href=\"http:\/\/coord.info\/GC2Y7RV\" target=\"_blank\">Touristic-Spot: Hackesche H\u00f6fe<\/a> (955 FPs)<br \/>\nTradi, N 52\u00b0 31.489 E 013\u00b0 24.198<br \/>\nHinweis: Das stinkt zum Himmel.<\/li>\n<li><del><a href=\"http:\/\/coord.info\/GC33BDF\" target=\"_blank\">Kurf\u00fcrstliche Entenjagd<\/a> (304 FPs)<\/del><br \/>\nTradi, N 52\u00b0 30.699 E 013\u00b0 21.435<\/li>\n<li><del><a href=\"http:\/\/coord.info\/GCKT0Q\" target=\"_blank\">JetSki<\/a> (23 FPs)<\/del><br \/>\nWebcam, N 52\u00b0 25.559 E 013\u00b0 10.289<br \/>\nKamera: http:\/\/www.met.fu-berlin.de\/wetter\/webcam\/Wannsee_prod.jpg<\/li>\n<\/ol>\n<p>&nbsp;<\/p>\n<p>[wpgmappity id=&#8220;10&#8243;]<\/p>\n","protected":false},"excerpt":{"rendered":"<p>[catlist=40] In Berlin besuchen wir folgende Caches: Spree Blick 2 (88 FPs) Tradi, N 52\u00b0 31.701 E 013\u00b0 17.780 Super-Nano am Tiergarten (260 FPs) Tradi, N 52\u00b0 30.918 E 013\u00b0 21.857 Hinweis: Nicht unten Berlin&#8217;s Second (but first virtual) Cache &hellip; <a href=\"https:\/\/clauschi.de\/d\/geocaches\/berlin\/\">Weiterlesen <span class=\"meta-nav\">&rarr;<\/span><\/a><\/p>\n","protected":false},"author":2,"featured_media":0,"parent":82,"menu_order":7,"comment_status":"closed","ping_status":"closed","template":"","meta":{"footnotes":""},"class_list":["post-157","page","type-page","status-publish","hentry"],"_links":{"self":[{"href":"https:\/\/clauschi.de\/d\/wp-json\/wp\/v2\/pages\/157","targetHints":{"allow":["GET"]}}],"collection":[{"href":"https:\/\/clauschi.de\/d\/wp-json\/wp\/v2\/pages"}],"about":[{"href":"https:\/\/clauschi.de\/d\/wp-json\/wp\/v2\/types\/page"}],"author":[{"embeddable":true,"href":"https:\/\/clauschi.de\/d\/wp-json\/wp\/v2\/users\/2"}],"replies":[{"embeddable":true,"href":"https:\/\/clauschi.de\/d\/wp-json\/wp\/v2\/comments?post=157"}],"version-history":[{"count":8,"href":"https:\/\/clauschi.de\/d\/wp-json\/wp\/v2\/pages\/157\/revisions"}],"predecessor-version":[{"id":376,"href":"https:\/\/clauschi.de\/d\/wp-json\/wp\/v2\/pages\/157\/revisions\/376"}],"up":[{"embeddable":true,"href":"https:\/\/clauschi.de\/d\/wp-json\/wp\/v2\/pages\/82"}],"wp:attachment":[{"href":"https:\/\/clauschi.de\/d\/wp-json\/wp\/v2\/media?parent=157"}],"curies":[{"name":"wp","href":"https:\/\/api.w.org\/{rel}","templated":true}]}}