{"id":142,"date":"2013-06-12T19:32:57","date_gmt":"2013-06-12T17:32:57","guid":{"rendered":"https:\/\/clauschi.de\/d\/?page_id=142"},"modified":"2013-06-20T20:28:46","modified_gmt":"2013-06-20T18:28:46","slug":"sachsen-anhalt","status":"publish","type":"page","link":"https:\/\/clauschi.de\/d\/geocaches\/sachsen-anhalt\/","title":{"rendered":"Sachsen-Anhalt"},"content":{"rendered":"<p>[catlist=36]<\/p>\n<p>In <strong>Sachsen-Anhalt<\/strong> besuchen wir folgende Caches:<\/p>\n<ol>\n<li><a href=\"http:\/\/coord.info\/GC2NMA8\" target=\"_blank\">16 Bundesl\u00e4nder an einem Tag (Challenge Cache)<\/a>(175 FPs)<br \/>\nMystery, N 52\u00b0 14.495 E 011\u00b0 36.230<br \/>\n<img loading=\"lazy\" decoding=\"async\" border=\"0\" src=\"http:\/\/img.geocaching.com\/cache\/69077bb1-6f8a-4c5d-bb71-0aa038a64028.jpg?rnd=0.6977917\" width=\"300\" height=\"180\" alt=\"16 Bundesl\u00e4nder an einem Tag (Challenge Cache)\"><\/li>\n<li><a href=\"http:\/\/coord.info\/GC2CGVT\" target=\"_blank\">5* TB-Hotel A2\/A14 Check In Now &#8230;<\/a> (1292 FPs)<br \/>\nTradi, N 52\u00b0 09.470 E 011\u00b0 32.085 (Parkplatz: N 52\u00b0 09.490 E 011\u00b0 31.970)<br \/>\nHinweis: Suche einen Micro am &#8222;Anschlu\u00df&#8220; und entnehme ihn dort komplett &#8230; Du wirst ihn ben\u00f6tigen \ud83d\ude09<\/li>\n<li><a href=\"http:\/\/coord.info\/GC38DKH\" target=\"_blank\">Parkplatz A14 &#8211;> Leipzig (Saaleaue)<\/a> (0 FPs)<br \/>\nTradi,  N 51\u00b0 42.598 E 011\u00b0 43.046<br \/>\nHinweis: w\u00e4re ich organisch, w\u00fcrde ich es feucht und warm m\u00f6gen <\/li>\n<\/ol>\n<p>[wpgmappity id=&#8220;7&#8243;]<\/p>\n","protected":false},"excerpt":{"rendered":"<p>[catlist=36] In Sachsen-Anhalt besuchen wir folgende Caches: 16 Bundesl\u00e4nder an einem Tag (Challenge Cache)(175 FPs) Mystery, N 52\u00b0 14.495 E 011\u00b0 36.230 5* TB-Hotel A2\/A14 Check In Now &#8230; (1292 FPs) Tradi, N 52\u00b0 09.470 E 011\u00b0 32.085 (Parkplatz: N &hellip; <a href=\"https:\/\/clauschi.de\/d\/geocaches\/sachsen-anhalt\/\">Weiterlesen <span class=\"meta-nav\">&rarr;<\/span><\/a><\/p>\n","protected":false},"author":2,"featured_media":0,"parent":82,"menu_order":9,"comment_status":"closed","ping_status":"closed","template":"","meta":{"footnotes":""},"class_list":["post-142","page","type-page","status-publish","hentry"],"_links":{"self":[{"href":"https:\/\/clauschi.de\/d\/wp-json\/wp\/v2\/pages\/142","targetHints":{"allow":["GET"]}}],"collection":[{"href":"https:\/\/clauschi.de\/d\/wp-json\/wp\/v2\/pages"}],"about":[{"href":"https:\/\/clauschi.de\/d\/wp-json\/wp\/v2\/types\/page"}],"author":[{"embeddable":true,"href":"https:\/\/clauschi.de\/d\/wp-json\/wp\/v2\/users\/2"}],"replies":[{"embeddable":true,"href":"https:\/\/clauschi.de\/d\/wp-json\/wp\/v2\/comments?post=142"}],"version-history":[{"count":8,"href":"https:\/\/clauschi.de\/d\/wp-json\/wp\/v2\/pages\/142\/revisions"}],"predecessor-version":[{"id":144,"href":"https:\/\/clauschi.de\/d\/wp-json\/wp\/v2\/pages\/142\/revisions\/144"}],"up":[{"embeddable":true,"href":"https:\/\/clauschi.de\/d\/wp-json\/wp\/v2\/pages\/82"}],"wp:attachment":[{"href":"https:\/\/clauschi.de\/d\/wp-json\/wp\/v2\/media?parent=142"}],"curies":[{"name":"wp","href":"https:\/\/api.w.org\/{rel}","templated":true}]}}