{"id":13,"date":"2019-03-12T20:46:51","date_gmt":"2019-03-12T20:46:51","guid":{"rendered":"http:\/\/clauschi.de\/ProKOCHT\/?page_id=13"},"modified":"2019-03-19T09:25:15","modified_gmt":"2019-03-19T08:25:15","slug":"mitfahrer","status":"publish","type":"page","link":"https:\/\/clauschi.de\/ProKOCHT\/?page_id=13","title":{"rendered":"Mitfahrer"},"content":{"rendered":"\n<p>Das sind die Mitfahrerinnen und Mitfahrer (Sortierung gem\u00e4\u00df unserem K\u00fcrzel &#8222;ProKOCHT&#8220;):<\/p>\n\n\n\n<ul class=\"wp-block-list\"><li><a href=\"https:\/\/clauschi.de\/ProKOCHT\/?page_id=156\">Stefan <\/a>&#8222;<a rel=\"noreferrer noopener\" aria-label=\"Pro1967 (\u00f6ffnet in neuem Tab)\" href=\"https:\/\/www.geocaching.com\/p\/default.aspx?guid=32741e41-ae7d-4868-bd6a-ae6e4284c450\" target=\"_blank\">Pro1967<\/a>&#8220; (Vodafone) <\/li><li><a href=\"https:\/\/clauschi.de\/ProKOCHT\/?page_id=159\">Carsten <\/a>&#8222;<a href=\"https:\/\/www.geocaching.com\/p\/default.aspx?guid=90484202-1199-470f-960c-75964e45401b\">Kamikazecarsten<\/a>&#8220;  (Telefonica O2)  <\/li><li><a href=\"https:\/\/clauschi.de\/ProKOCHT\/?page_id=162\">Michael <\/a>&#8222;<a rel=\"noreferrer noopener\" aria-label=\"Onlineradler (\u00f6ffnet in neuem Tab)\" href=\"https:\/\/www.geocaching.com\/p\/default.aspx?guid=445901a7-e134-4e46-8d77-f078371b77a4\" target=\"_blank\">Onlineradler<\/a>&#8220; (D1 Vodafone)<\/li><li><a href=\"https:\/\/clauschi.de\/ProKOCHT\/?page_id=28\">Sven <\/a>&#8222;<a href=\"http:\/\/www.geocaching.com\/profile\/?guid=025e304a-2fce-4448-82ed-3ba5180cd3e6\">ClauSchi<\/a>&#8220; (Telefonica O2; 2 GByte Volumen)<\/li><li><a href=\"https:\/\/clauschi.de\/ProKOCHT\/?page_id=165\">Anja <\/a>&#8222;<a rel=\"noreferrer noopener\" aria-label=\"Herby73 (\u00f6ffnet in neuem Tab)\" href=\"https:\/\/www.geocaching.com\/p\/default.aspx?guid=99958711-457f-4ac7-8756-0687fa22c85d\" target=\"_blank\">Herby73<\/a>&#8220; (Telefonica O2; 12 GByte Volumen) <\/li><li><a href=\"https:\/\/clauschi.de\/ProKOCHT\/?page_id=168\">Dani <\/a>&#8222;<a rel=\"noreferrer noopener\" aria-label=\"Teufelchen24375 (\u00f6ffnet in neuem Tab)\" href=\"https:\/\/www.geocaching.com\/p\/default.aspx?guid=bd139a80-3673-4a49-92ae-4f8b8dc61e20\" target=\"_blank\">Teufelchen24375<\/a>&#8220; (Telefonica O2; 2 GByte Volumen)  <\/li><\/ul>\n\n\n\n<p><\/p>\n","protected":false},"excerpt":{"rendered":"<p>Das sind die Mitfahrerinnen und Mitfahrer (Sortierung gem\u00e4\u00df unserem K\u00fcrzel &#8222;ProKOCHT&#8220;): Stefan &#8222;Pro1967&#8220; (Vodafone) Carsten &#8222;Kamikazecarsten&#8220; (Telefonica O2) Michael &#8222;Onlineradler&#8220; (D1 Vodafone) Sven &#8222;ClauSchi&#8220; (Telefonica O2; 2 GByte Volumen) Anja &#8222;Herby73&#8220; (Telefonica O2; 12 GByte Volumen) Dani &#8222;Teufelchen24375&#8220; (Telefonica O2; &hellip; <a href=\"https:\/\/clauschi.de\/ProKOCHT\/?page_id=13\">Weiterlesen <span class=\"meta-nav\">&rarr;<\/span><\/a><\/p>\n","protected":false},"author":1,"featured_media":0,"parent":0,"menu_order":0,"comment_status":"closed","ping_status":"closed","template":"","meta":{"footnotes":""},"class_list":["post-13","page","type-page","status-publish","hentry"],"_links":{"self":[{"href":"https:\/\/clauschi.de\/ProKOCHT\/index.php?rest_route=\/wp\/v2\/pages\/13","targetHints":{"allow":["GET"]}}],"collection":[{"href":"https:\/\/clauschi.de\/ProKOCHT\/index.php?rest_route=\/wp\/v2\/pages"}],"about":[{"href":"https:\/\/clauschi.de\/ProKOCHT\/index.php?rest_route=\/wp\/v2\/types\/page"}],"author":[{"embeddable":true,"href":"https:\/\/clauschi.de\/ProKOCHT\/index.php?rest_route=\/wp\/v2\/users\/1"}],"replies":[{"embeddable":true,"href":"https:\/\/clauschi.de\/ProKOCHT\/index.php?rest_route=%2Fwp%2Fv2%2Fcomments&post=13"}],"version-history":[{"count":10,"href":"https:\/\/clauschi.de\/ProKOCHT\/index.php?rest_route=\/wp\/v2\/pages\/13\/revisions"}],"predecessor-version":[{"id":309,"href":"https:\/\/clauschi.de\/ProKOCHT\/index.php?rest_route=\/wp\/v2\/pages\/13\/revisions\/309"}],"wp:attachment":[{"href":"https:\/\/clauschi.de\/ProKOCHT\/index.php?rest_route=%2Fwp%2Fv2%2Fmedia&parent=13"}],"curies":[{"name":"wp","href":"https:\/\/api.w.org\/{rel}","templated":true}]}}